{"id":19,"date":"2017-06-27T08:10:53","date_gmt":"2017-06-27T08:10:53","guid":{"rendered":"http:\/\/oliver-poetzsch.de\/?page_id=19"},"modified":"2022-12-15T13:56:54","modified_gmt":"2022-12-15T13:56:54","slug":"kontakt","status":"publish","type":"page","link":"https:\/\/oliver-poetzsch.de\/en\/kontakt\/","title":{"rendered":"Kontakt"},"content":{"rendered":"<p><\/p>\n<p>Au\u00dferdem biete ich Schreibseminare f\u00fcr Kinder und Erwachsene, Wanderungen und andere Special-Events an.<\/p>\n<p>Auch Exklusivveranstaltungen f\u00fcr Firmen, Vereine etc. sind m\u00f6glich.<\/p>\n<p>Schongauer Stadtf\u00fchrungen auf den Spuren der \u201eHenkerstochter\u201c ebenso wie ganze Themenwochenenden mit Radtouren zu den Originalschaupl\u00e4tzen und einer stilechten Henkersmahlzeit bietet der Tourismusverband Pfaffenwinkel: <a href=\"http:\/\/www.pfaffen-winkel.de\" target=\"_blank\" rel=\"noopener noreferrer\">www.pfaffen-winkel.de<\/a><\/p>\n<p><strong>Presse<\/strong><\/p>\n<p>Presseanfragen bitte \u00fcber meine Agentur:<\/p>\n<p>Autoren- und Projektagentur Gerd F. Rumler<br \/>\n<a href=\"mailto:agentur@agentur-rumler.de\" target=\"_blank\" rel=\"noopener noreferrer\">agentur<\/a><a href=\"mailto:rothwinkler@cr-leseagentur.de\" target=\"_blank\" rel=\"noopener noreferrer\">{at}<\/a><a href=\"mailto:agentur@agentur-rumler.de\" target=\"_blank\" rel=\"noopener noreferrer\">agentur-rumler.de<\/a><br \/>\n<a href=\"http:\/\/www.agentur-rumler.de\" target=\"_blank\" rel=\"noopener noreferrer\">www.agentur-rumler.de<\/a><\/p>\n<p><b>Anmeldung zum Newsletter von Oliver P\u00f6tzsch<\/b><\/p>\n<p>Und so geht\u2018s: Klicken Sie <a href=\"http:\/\/bit.ly\/poetzsch-newsletter\">hier<\/a> und w\u00e4hlen Sie unter der Kategorie \u201eAutoren\u201c Oliver P\u00f6tzsch aus.<\/p>\n<p><\/p>","protected":false},"excerpt":{"rendered":"<p>Au\u00dferdem biete ich Schreibseminare f\u00fcr Kinder und Erwachsene, Wanderungen und andere Special-Events an. Auch Exklusivveranstaltungen f\u00fcr Firmen, Vereine etc. sind m\u00f6glich. Schongauer Stadtf\u00fchrungen auf den Spuren der \u201eHenkerstochter\u201c ebenso wie ganze Themenwochenenden mit Radtouren zu den Originalschaupl\u00e4tzen und einer stilechten Henkersmahlzeit bietet der Tourismusverband Pfaffenwinkel: www.pfaffen-winkel.de Presse Presseanfragen bitte \u00fcber meine Agentur: Autoren- und Projektagentur &hellip; <a href=\"https:\/\/oliver-poetzsch.de\/en\/kontakt\/\" class=\"excerpt-link\">Read More<\/a><\/p>\n","protected":false},"author":2,"featured_media":0,"parent":0,"menu_order":0,"comment_status":"closed","ping_status":"closed","template":"","meta":{"footnotes":""},"class_list":["post-19","page","type-page","status-publish","hentry"],"aioseo_notices":[],"_links":{"self":[{"href":"https:\/\/oliver-poetzsch.de\/en\/wp-json\/wp\/v2\/pages\/19","targetHints":{"allow":["GET"]}}],"collection":[{"href":"https:\/\/oliver-poetzsch.de\/en\/wp-json\/wp\/v2\/pages"}],"about":[{"href":"https:\/\/oliver-poetzsch.de\/en\/wp-json\/wp\/v2\/types\/page"}],"author":[{"embeddable":true,"href":"https:\/\/oliver-poetzsch.de\/en\/wp-json\/wp\/v2\/users\/2"}],"replies":[{"embeddable":true,"href":"https:\/\/oliver-poetzsch.de\/en\/wp-json\/wp\/v2\/comments?post=19"}],"version-history":[{"count":28,"href":"https:\/\/oliver-poetzsch.de\/en\/wp-json\/wp\/v2\/pages\/19\/revisions"}],"predecessor-version":[{"id":3332,"href":"https:\/\/oliver-poetzsch.de\/en\/wp-json\/wp\/v2\/pages\/19\/revisions\/3332"}],"wp:attachment":[{"href":"https:\/\/oliver-poetzsch.de\/en\/wp-json\/wp\/v2\/media?parent=19"}],"curies":[{"name":"wp","href":"https:\/\/api.w.org\/{rel}","templated":true}]}}