{"id":258,"date":"2017-07-10T13:10:23","date_gmt":"2017-07-10T13:10:23","guid":{"rendered":"http:\/\/oliver-poetzsch.de\/?page_id=258"},"modified":"2025-05-07T08:22:30","modified_gmt":"2025-05-07T08:22:30","slug":"hoerbuecher","status":"publish","type":"page","link":"https:\/\/oliver-poetzsch.de\/en\/hoerbuecher\/","title":{"rendered":"Audio Books"},"content":{"rendered":"<p><strong>Audio Books in German<\/strong><\/p>\n<div class=\"bookshelf\">\n<!-- Book --> <\/p>\n<div class=\"book\">\n<a href=\"\/wordpress_6\/audio-die-burg-der-koenige\/\"><br \/>\n<img decoding=\"async\" class=\"book-cover\" src=\"..\/wp-content\/uploads\/2017\/07\/Burg-der-Koenige_h_278-278.png\"><\/p>\n<p class=\"title\">Die Burg der K\u00f6nige<\/p>\n<p class=\"description\">\n<p><\/a>\n<\/div>\n<p><!-- Book --> <\/p>\n<div class=\"book\">\n<a href=\"\/wordpress_6\/audio-die-burg-der-koenige-ungekuerzt\/\"><br \/>\n<img decoding=\"async\" class=\"book-cover\" src=\"..\/wp-content\/uploads\/2017\/07\/Burg-der-Koenige_h_ungek_278-278.png\"><\/p>\n<p class=\"title\">Die Burg der K\u00f6nige (ungek\u00fcrzt)<\/p>\n<p class=\"description\">\n<p><\/a>\n<\/div>\n<p><!-- Book --> <\/p>\n<div class=\"book\">\n<a href=\"\/wordpress_6\/audio-der-hexer-und-die-henkerstochter\/\"><br \/>\n<img decoding=\"async\" class=\"book-cover\" src=\"..\/wp-content\/uploads\/2017\/07\/Henkerstochter_4_h_278-278.png\"><\/p>\n<p class=\"title\">Der Hexer und die Henkerstochter<\/p>\n<p class=\"description\">Band 4<\/p>\n<p><\/a>\n<\/div>\n<p><!-- Book --> <\/p>\n<div class=\"book\">\n<a href=\"\/wordpress_6\/audio-der-hexer-und-die-henkerstochter-ungekuerzt\/\"><br \/>\n<img decoding=\"async\" class=\"book-cover\" src=\"..\/wp-content\/uploads\/2017\/07\/Henkerstochter_4_h_ungek_278-278.png\"><\/p>\n<p class=\"title\">Der Hexer und die Henkerstochter (ungek\u00fcrzt)<\/p>\n<p class=\"description\">Band 4<\/p>\n<p><\/a>\n<\/div>\n<p><!-- Book --> <\/p>\n<div class=\"book\">\n<a href=\"\/wordpress_6\/audio-die-henkerstochter-und-der-teufel-von-bamberg\/\"><br \/>\n<img decoding=\"async\" class=\"book-cover\" src=\"..\/wp-content\/uploads\/2017\/07\/Henkerstochter_5_h_278-278.png\"><\/p>\n<p class=\"title\">Die Henkerstochter und der Teufel von Bamberg<\/p>\n<p class=\"description\">Band 5<\/p>\n<p><\/a>\n<\/div>\n<p><!-- Book --> <\/p>\n<div class=\"book\">\n<a href=\"\/wordpress_6\/audio-die-henkerstochter-und-der-teufel-von-bamberg-ungekuerzt\/\"><br \/>\n<img decoding=\"async\" class=\"book-cover\" src=\"..\/wp-content\/uploads\/2017\/07\/Henkerstochter_5_h_ungek_278-278.png\"><\/p>\n<p class=\"title\">Die Henkerstochter und der Teufel von Bamberg (ungek\u00fcrzt)<\/p>\n<p class=\"description\">Band 5<\/span><\/p>\n<p><\/a>\n<\/div>\n<p><!-- Book --> <\/p>\n<div class=\"book\">\n<a href=\"\/wordpress_6\/audio-die-henkerstochter-und-das-spiel-des-todes\/\"><br \/>\n<img decoding=\"async\" class=\"book-cover\" src=\"..\/wp-content\/uploads\/2017\/07\/Henkerstochter_6_h_278-278.png\"><\/p>\n<p class=\"title\">Die Henkerstochter und das Spiel des Todes<\/p>\n<p class=\"description\">Band 6<\/p>\n<p><\/a>\n<\/div>\n<p><!-- Book --> <\/p>\n<div class=\"book\">\n<a href=\"\/wordpress_6\/audio-die-henkerstochter-und-das-spiel-des-todes-ungekuerzt\/\"><br \/>\n<img decoding=\"async\" class=\"book-cover\" src=\"..\/wp-content\/uploads\/2017\/07\/Henkerstochter_6_h_ungek_278-278.png\"><\/p>\n<p class=\"title\">Die Henkerstochter und das Spiel des Todes (ungek\u00fcrzt)<\/p>\n<p class=\"description\">Band 6<\/p>\n<p><\/a>\n<\/div>\n<p><!-- Book --> <\/p>\n<div class=\"book\">\n<a href=\"\/wordpress_6\/audio-die-henkerstochter-und-der-rat-der-zwoelf\/\"><br \/>\n<img decoding=\"async\" class=\"book-cover\" src=\"..\/wp-content\/uploads\/2017\/07\/Henkerstochter_7_h_278-278.png\"><\/p>\n<p class=\"title\">Die Henkerstochter und der Rat der zw\u00f6lf<\/p>\n<p class=\"description\">Band 7<\/p>\n<p><\/a>\n<\/div>\n<p><!-- Book --> <\/p>\n<div class=\"book\">\n<a href=\"\/wordpress_6\/audio-ritter-kuno-kettenstrumpf\/\"><br \/>\n<img decoding=\"async\" class=\"book-cover\" src=\"..\/wp-content\/uploads\/2017\/07\/Kuno-Kettenstrumpf_h_278-278.png\"><\/p>\n<p class=\"title\">Ritter Kuno Kettenstrumpf<\/p>\n<p class=\"description\">Band 1<\/p>\n<p><\/a>\n<\/div>\n<p><\/p>","protected":false},"excerpt":{"rendered":"<p>Audio Books in German Die Burg der K\u00f6nige Die Burg der K\u00f6nige (ungek\u00fcrzt) Der Hexer und die Henkerstochter Band 4 Der Hexer und die Henkerstochter (ungek\u00fcrzt) Band 4 Die Henkerstochter und der Teufel von Bamberg Band 5 Die Henkerstochter und der Teufel von Bamberg (ungek\u00fcrzt) Band 5 Die Henkerstochter und das Spiel des Todes Band &hellip; <a href=\"https:\/\/oliver-poetzsch.de\/en\/hoerbuecher\/\" class=\"excerpt-link\">Read More<\/a><\/p>\n","protected":false},"author":2,"featured_media":0,"parent":0,"menu_order":0,"comment_status":"closed","ping_status":"closed","template":"page-templates\/full-width.php","meta":{"footnotes":""},"class_list":["post-258","page","type-page","status-publish","hentry"],"aioseo_notices":[],"_links":{"self":[{"href":"https:\/\/oliver-poetzsch.de\/en\/wp-json\/wp\/v2\/pages\/258","targetHints":{"allow":["GET"]}}],"collection":[{"href":"https:\/\/oliver-poetzsch.de\/en\/wp-json\/wp\/v2\/pages"}],"about":[{"href":"https:\/\/oliver-poetzsch.de\/en\/wp-json\/wp\/v2\/types\/page"}],"author":[{"embeddable":true,"href":"https:\/\/oliver-poetzsch.de\/en\/wp-json\/wp\/v2\/users\/2"}],"replies":[{"embeddable":true,"href":"https:\/\/oliver-poetzsch.de\/en\/wp-json\/wp\/v2\/comments?post=258"}],"version-history":[{"count":57,"href":"https:\/\/oliver-poetzsch.de\/en\/wp-json\/wp\/v2\/pages\/258\/revisions"}],"predecessor-version":[{"id":3959,"href":"https:\/\/oliver-poetzsch.de\/en\/wp-json\/wp\/v2\/pages\/258\/revisions\/3959"}],"wp:attachment":[{"href":"https:\/\/oliver-poetzsch.de\/en\/wp-json\/wp\/v2\/media?parent=258"}],"curies":[{"name":"wp","href":"https:\/\/api.w.org\/{rel}","templated":true}]}}