{"id":2884,"date":"2021-12-21T11:23:30","date_gmt":"2021-12-21T11:23:30","guid":{"rendered":"http:\/\/oliver-poetzsch.de\/?page_id=2884"},"modified":"2023-08-21T12:23:21","modified_gmt":"2023-08-21T12:23:21","slug":"der-totengraeber-und-das-maedchen-die-totengraeber-serie-2","status":"publish","type":"page","link":"https:\/\/oliver-poetzsch.de\/en\/der-totengraeber-und-das-maedchen-die-totengraeber-serie-2\/","title":{"rendered":"(Deutsch) Das M\u00e4dchen und der Totengr\u00e4ber (Die Totengr\u00e4ber-Serie 2)"},"content":{"rendered":"<p class=\"qtranxs-available-languages-message qtranxs-available-languages-message-en\">Sorry, this entry is only available in <a href=\"https:\/\/oliver-poetzsch.de\/de\/wp-json\/wp\/v2\/pages\/2884\" class=\"qtranxs-available-language-link qtranxs-available-language-link-de\" title=\"Deutsch\">Deutsch<\/a>.<\/p>","protected":false},"excerpt":{"rendered":"<p>Sorry, this entry is only available in Deutsch.<\/p>\n","protected":false},"author":4,"featured_media":0,"parent":0,"menu_order":0,"comment_status":"closed","ping_status":"closed","template":"","meta":{"footnotes":""},"class_list":["post-2884","page","type-page","status-publish","hentry"],"aioseo_notices":[],"_links":{"self":[{"href":"https:\/\/oliver-poetzsch.de\/en\/wp-json\/wp\/v2\/pages\/2884","targetHints":{"allow":["GET"]}}],"collection":[{"href":"https:\/\/oliver-poetzsch.de\/en\/wp-json\/wp\/v2\/pages"}],"about":[{"href":"https:\/\/oliver-poetzsch.de\/en\/wp-json\/wp\/v2\/types\/page"}],"author":[{"embeddable":true,"href":"https:\/\/oliver-poetzsch.de\/en\/wp-json\/wp\/v2\/users\/4"}],"replies":[{"embeddable":true,"href":"https:\/\/oliver-poetzsch.de\/en\/wp-json\/wp\/v2\/comments?post=2884"}],"version-history":[{"count":7,"href":"https:\/\/oliver-poetzsch.de\/en\/wp-json\/wp\/v2\/pages\/2884\/revisions"}],"predecessor-version":[{"id":3640,"href":"https:\/\/oliver-poetzsch.de\/en\/wp-json\/wp\/v2\/pages\/2884\/revisions\/3640"}],"wp:attachment":[{"href":"https:\/\/oliver-poetzsch.de\/en\/wp-json\/wp\/v2\/media?parent=2884"}],"curies":[{"name":"wp","href":"https:\/\/api.w.org\/{rel}","templated":true}]}}