{"id":2899,"date":"2021-12-21T13:34:58","date_gmt":"2021-12-21T13:34:58","guid":{"rendered":"http:\/\/oliver-poetzsch.de\/?page_id=2899"},"modified":"2024-07-08T08:48:30","modified_gmt":"2024-07-08T08:48:30","slug":"audio-das-maedchen-und-der-totengraeber","status":"publish","type":"page","link":"https:\/\/oliver-poetzsch.de\/en\/audio-das-maedchen-und-der-totengraeber\/","title":{"rendered":"(Deutsch) Audio: Das M\u00e4dchen und der Totengr\u00e4ber (gek\u00fcrzt)"},"content":{"rendered":"<p class=\"qtranxs-available-languages-message qtranxs-available-languages-message-en\">Sorry, this entry is only available in <a href=\"https:\/\/oliver-poetzsch.de\/de\/wp-json\/wp\/v2\/pages\/2899\" class=\"qtranxs-available-language-link qtranxs-available-language-link-de\" title=\"Deutsch\">Deutsch<\/a>.<\/p>","protected":false},"excerpt":{"rendered":"<p>Sorry, this entry is only available in Deutsch.<\/p>\n","protected":false},"author":4,"featured_media":0,"parent":0,"menu_order":0,"comment_status":"closed","ping_status":"closed","template":"","meta":{"footnotes":""},"class_list":["post-2899","page","type-page","status-publish","hentry"],"aioseo_notices":[],"_links":{"self":[{"href":"https:\/\/oliver-poetzsch.de\/en\/wp-json\/wp\/v2\/pages\/2899","targetHints":{"allow":["GET"]}}],"collection":[{"href":"https:\/\/oliver-poetzsch.de\/en\/wp-json\/wp\/v2\/pages"}],"about":[{"href":"https:\/\/oliver-poetzsch.de\/en\/wp-json\/wp\/v2\/types\/page"}],"author":[{"embeddable":true,"href":"https:\/\/oliver-poetzsch.de\/en\/wp-json\/wp\/v2\/users\/4"}],"replies":[{"embeddable":true,"href":"https:\/\/oliver-poetzsch.de\/en\/wp-json\/wp\/v2\/comments?post=2899"}],"version-history":[{"count":4,"href":"https:\/\/oliver-poetzsch.de\/en\/wp-json\/wp\/v2\/pages\/2899\/revisions"}],"predecessor-version":[{"id":2948,"href":"https:\/\/oliver-poetzsch.de\/en\/wp-json\/wp\/v2\/pages\/2899\/revisions\/2948"}],"wp:attachment":[{"href":"https:\/\/oliver-poetzsch.de\/en\/wp-json\/wp\/v2\/media?parent=2899"}],"curies":[{"name":"wp","href":"https:\/\/api.w.org\/{rel}","templated":true}]}}