{"id":584,"date":"2017-07-11T13:31:23","date_gmt":"2017-07-11T13:31:23","guid":{"rendered":"http:\/\/oliver-poetzsch.de\/?page_id=584"},"modified":"2017-08-01T16:10:22","modified_gmt":"2017-08-01T16:10:22","slug":"impressum-datenschutz","status":"publish","type":"page","link":"https:\/\/oliver-poetzsch.de\/en\/impressum-datenschutz\/","title":{"rendered":"(Deutsch) Impressum &#038; Datenschutz"},"content":{"rendered":"<p><strong>Impressum &amp; Datenschutz<\/strong><\/p>\n<p><strong>Rechtlicher Hinweis<\/strong><\/p>\n<p>Verantwortlich im Sinne des Telemediengesetzes (TMG) ausschlie\u00dflich f\u00fcr die Internetseiten unter der Domain www.oliver-poetzsch.de: Oliver P\u00f6tzsch c\/o Autoren- und Projektagentur Gerd F. Rumler, Notburgastra\u00dfe 5, 80639 M\u00fcnchen.<\/p>\n<p>Kontakt: <a href=\"mailto:agentur@agentur-rumler.de\">agentur[at]agentur-rumler.de<\/a><\/p>\n<p><strong>Haftungsausschluss<\/strong><\/p>\n<p>Die Verantwortlichkeit f\u00fcr alle Inhalte externer Internetseiten, auf die von hier verwiesen wird, liegt gem\u00e4\u00df TDG bei den jeweiligen Betreibern. F\u00fcr die Inhalte und Informationen unter der Domain www.oliver-poetzsch.de kann trotz sorgf\u00e4ltiger Pflege und Aktualisierung keine Gew\u00e4hr oder Haftung \u00fcbernommen werden.<\/p>\n<p><strong>Copyright<\/strong><\/p>\n<p>Alle Inhalte, Texte, Fotos, Bildmaterial, Gestaltungselemente unterliegen dem deutschen Urheberrecht. Die Urheberschaft aller Texte liegt bei Oliver P\u00f6tzsch. Jede kommerzielle Verwendung sowie die Verbreitung, Ver\u00e4nderung, Vervielf\u00e4ltigung und Ver\u00f6ffentlichung \u2013 auch in Teilen oder ausschnittweise \u2013 ist honorarpflichtig und bedarf der ausdr\u00fccklichen schriftlichen Genehmigung des Urhebers.<\/p>\n<p><strong>Bildnachweis<\/strong><\/p>\n<p>Alle Fotos, auch Motive ohne nebenstehendem Bildnachweis, sind urheberechtlich gesch\u00fctzt. Portraitfotos: \u00a9 Dominik Parzinger \/ Gerald von Foris. Alle anderen Fotos: \u00a9 Oliver P\u00f6tzsch. Alle Abbildungen von Buchcovern und Verkaufsh\u00fcllen mit freundlicher Genehmigung des jeweiligen Verlags.<\/p>\n<p>Die historischen Ausschnitte sind folgenden Bildern entnommen: Verschiedene Arten der Folter, Aus der Halsgerichtsordnung Kaiser Karl V., Ausgabe von 1573, Germanisches Nationalmuseum N\u00fcrnberg, Kupferstichsammlung Hinrichtung von Aufr\u00fchrern, Anfang 16. Jh., Aus dem Wei\u00dfkunig Kaiser Maximilians I., Ausgabe von 1573, Tiroler Landesmuseum Ferdinandeum Innsbruck R\u00e4dern, Augsburg 1768, Zeitgen\u00f6ssisches Flugblatt, Sammlung Amira im Rechtshistorischen Institut der Universit\u00e4t M\u00fcnchen Steinigen eines betrunkenen Scharfrichters durch die Bev\u00f6lkerung von Chur (Graub\u00fcnden), 1575, Wickinia, Zentralbibliothek Z\u00fcrich, Graphische Sammlung.<\/p>\n<p><strong>Ausgew\u00e4hlte Literatur<\/strong><\/p>\n<p>Nowosadtko, Jutta: Scharfrichter und Abdecker, Verlag Ferdinand Sch\u00f6ningh, Paderborn, 1994<\/p>\n<p>Schuhmann, Helmut: Der Scharfrichter, Verlag f\u00fcr Heimatpflege \/ Allg\u00e4u, Kempten, 1964<\/p>\n<p>Stuart, Kathy: Unehrliche Berufe (Studien zur Geschichte des Bayerischen Schwaben, Band 36), Wi\u00dfner-Verlag, Augsburg, 2008-09-13<\/p>\n<p>&nbsp;<\/p>\n<p><strong>Links<\/strong><\/p>\n<p>Mein Verlag, bei dem Sie alles \u00fcber meine B\u00fccher und meine Termine erfahren: <a href=\"http:\/\/www.ullstein-buchverlage.de\">www.ullstein-buchverlage.de<\/a><\/p>\n<p>Ein kleines Henkers-ABC, sozusagen der Schnellkurs in Scharfrichterei: <a href=\"http:\/\/www.unmoralische.de\">www.unmoralische.de<\/a><\/p>\n<p>Der Tourismusverband Pfaffenwinkel wei\u00df alles \u00fcber die verwunschenen Orte, an denen meine Romane spielen. Hier k\u00f6nnen Sie Schongauer Stadtf\u00fchrungen auf den Spuren der \u201eHenkerstochter\u201c buchen oder gleich ein ganzes Scharfrichter-Wochenende \u2013 mit Henkersmahlzeit, Stadtf\u00fchrung und Leihfahrr\u00e4dern zur Erkundung der Originalschaupl\u00e4tze: www.pfaffen-winkel.de [verlinken]<\/p>\n<p>Fiktion oder Wirklichkeit? Hier finden Sie alles Wissenswerte \u00fcber den Bayerischen M\u00e4rchenk\u00f6nig: <a href=\"http:\/\/www.koenig-ludwig.org\">www.koenig-ludwig.org<\/a><\/p>\n<p>Wenn Sie wissen wollen, wie ich meine Kindheit und Jugend verbracht und wo ich das Geschichtenerz\u00e4hlen gelernt habe, dann sollten Sie sich die Homepage des Fantasy-Rollenspiels \u201eDas Schwarze Auge\u201c ansehen: <a href=\"http:\/\/www.dasschwarzeauge.de\">www.dasschwarzeauge.de<\/a><\/p>\n<p>Wenn ich nicht schreibe, mich um die Kinder oder den Garten k\u00fcmmere, dann singe ich. Und zwar bei der gro\u00dfartigen, fantastischen, unvergleichlichen Soul-Band Jamasunited. Vielleicht wollen Sie ja mal eines unserer Konzerte besuchen oder Sie brauchen f\u00fcr eine Veranstaltung noch eine richtig gute Partyband: <a href=\"http:\/\/www.jamasunited.de\">www.jamasunited.de\u00a0<\/a><\/p>\n<p>&nbsp;<\/p>\n<p><strong> Google Analytics <\/strong><br \/>\nDiese Website benutzt Google Analytics, einen Webanalysedienst der Google Inc. (\u201eGoogle\u201c). Google Analytics verwendet sog. \u201eCookies\u201c, Textdateien, die auf Ihrem Computer gespeichert werden und die eine Analyse der Benutzung der Website durch Sie erm\u00f6glichen. Die durch das Cookie erzeugten Informationen \u00fcber Ihre Benutzung dieser Website werden in der Regel an einen Server von Google in den USA \u00fcbertragen und dort gespeichert. Im Falle der Aktivierung der IP-Anonymisierung auf dieser Website, wird Ihre IP-Adresse von Google jedoch innerhalb von Mitgliedstaaten der Europ\u00e4ischen Union oder in anderen Vertragsstaaten des Abkommens \u00fcber den Europ\u00e4ischen Wirtschaftsraum zuvor gek\u00fcrzt. Nur in Ausnahmef\u00e4llen wird die volle IP-Adresse an einen Server von Google in den USA \u00fcbertragen und dort gek\u00fcrzt. Im Auftrag des Betreibers dieser Website wird Google diese Informationen benutzen, um Ihre Nutzung der Website auszuwerten, um Reports \u00fcber die Websiteaktivit\u00e4ten zusammenzustellen und um weitere mit der Websitenutzung und der Internetnutzung verbundene Dienstleistungen gegen\u00fcber dem Websitebetreiber zu erbringen. Die im Rahmen von Google Analytics von Ihrem Browser \u00fcbermittelte IP-Adresse wird nicht mit anderen Daten von Google zusammengef\u00fchrt. Sie k\u00f6nnen die Speicherung der Cookies durch eine entsprechende Einstellung Ihrer Browser-Software verhindern; wir weisen Sie jedoch darauf hin, dass Sie in diesem Fall gegebenenfalls nicht s\u00e4mtliche Funktionen dieser Website vollumf\u00e4nglich werden nutzen k\u00f6nnen. Sie k\u00f6nnen dar\u00fcber hinaus die Erfassung der durch das Cookie erzeugten und auf Ihre Nutzung der Website bezogenen Daten (inkl. Ihrer IP-Adresse) an Google sowie die Verarbeitung dieser Daten durch Google verhindern, indem Sie das unter dem folgenden Link (http:\/\/tools.google.com\/dlpage\/gaoptout?hl=de) verf\u00fcgbare Browser-Plugin herunterladen und installieren.<\/p>\n<p>Sie k\u00f6nnen die Erfassung durch Google Analytics verhindern, indem Sie auf folgenden Link klicken. Es wird ein Opt-Out-Cookie gesetzt, das die zuk\u00fcnftige Erfassung Ihrer Daten beim Besuch dieser Website verhindert:<br \/>\n<a href=\u201cjavascript:gaOptout()\u201c>Google Analytics deaktivieren<\/a><\/p>\n<p>N\u00e4here Informationen zu Nutzungsbedingungen und Datenschutz finden Sie unter http:\/\/www.google.com\/analytics\/terms\/de.html bzw. unter https:\/\/www.google.de\/intl\/de\/policies\/. Wir weisen Sie darauf hin, dass auf dieser Website Google Analytics um den Code \u201eanonymizeIp\u201c erweitert wurde, um eine anonymisierte Erfassung von IP-Adressen (sog. IP-Masking) zu gew\u00e4hrleisten.<\/p>\n<p>Quelle: <a title=\"Datenschutzbeauftragter INFO\" href=\"https:\/\/www.datenschutzbeauftragter-info.de\/\" target=\"_blank\" rel=\"noopener\">www.datenschutzbeauftragter-info.de<\/a><br \/>\n&nbsp;<\/p>\n","protected":false},"excerpt":{"rendered":"<p>Impressum &amp; Datenschutz Rechtlicher Hinweis Verantwortlich im Sinne des Telemediengesetzes (TMG) ausschlie\u00dflich f\u00fcr die Internetseiten unter der Domain www.oliver-poetzsch.de: Oliver P\u00f6tzsch c\/o Autoren- und Projektagentur Gerd F. Rumler, Notburgastra\u00dfe 5, 80639 M\u00fcnchen. Kontakt: agentur[at]agentur-rumler.de Haftungsausschluss Die Verantwortlichkeit f\u00fcr alle Inhalte externer Internetseiten, auf die von hier verwiesen wird, liegt gem\u00e4\u00df TDG bei den jeweiligen Betreibern. &hellip; <a href=\"https:\/\/oliver-poetzsch.de\/en\/impressum-datenschutz\/\" class=\"excerpt-link\">Read More<\/a><\/p>\n","protected":false},"author":2,"featured_media":0,"parent":0,"menu_order":0,"comment_status":"closed","ping_status":"closed","template":"","meta":{"footnotes":""},"class_list":["post-584","page","type-page","status-publish","hentry"],"aioseo_notices":[],"_links":{"self":[{"href":"https:\/\/oliver-poetzsch.de\/en\/wp-json\/wp\/v2\/pages\/584","targetHints":{"allow":["GET"]}}],"collection":[{"href":"https:\/\/oliver-poetzsch.de\/en\/wp-json\/wp\/v2\/pages"}],"about":[{"href":"https:\/\/oliver-poetzsch.de\/en\/wp-json\/wp\/v2\/types\/page"}],"author":[{"embeddable":true,"href":"https:\/\/oliver-poetzsch.de\/en\/wp-json\/wp\/v2\/users\/2"}],"replies":[{"embeddable":true,"href":"https:\/\/oliver-poetzsch.de\/en\/wp-json\/wp\/v2\/comments?post=584"}],"version-history":[{"count":5,"href":"https:\/\/oliver-poetzsch.de\/en\/wp-json\/wp\/v2\/pages\/584\/revisions"}],"predecessor-version":[{"id":1277,"href":"https:\/\/oliver-poetzsch.de\/en\/wp-json\/wp\/v2\/pages\/584\/revisions\/1277"}],"wp:attachment":[{"href":"https:\/\/oliver-poetzsch.de\/en\/wp-json\/wp\/v2\/media?parent=584"}],"curies":[{"name":"wp","href":"https:\/\/api.w.org\/{rel}","templated":true}]}}